{"id":23,"date":"2025-09-03T08:27:34","date_gmt":"2025-09-03T08:27:34","guid":{"rendered":"https:\/\/flexora.vamtam.com\/?page_id=23"},"modified":"2026-04-06T11:26:44","modified_gmt":"2026-04-06T11:26:44","slug":"clinica-fisioterapia-gijon","status":"publish","type":"page","link":"https:\/\/cranky-zhukovsky.91-134-70-247.plesk.page\/index.php\/clinica-fisioterapia-gijon\/","title":{"rendered":"Sobre nosotros"},"content":{"rendered":"\t\t<div data-elementor-type=\"wp-page\" data-elementor-id=\"23\" class=\"elementor elementor-23\" data-elementor-post-type=\"page\">\n\t\t\t\t<div class=\"elementor-element elementor-element-2eba987 e-flex e-con-boxed e-con e-child\" data-id=\"2eba987\" data-element_type=\"container\" data-e-type=\"container\">\n\t\t\t\t\t<div class=\"e-con-inner\">\n\t\t<div class=\"elementor-element elementor-element-ee16713 e-con-full e-flex e-con e-child\" data-id=\"ee16713\" data-element_type=\"container\" data-e-type=\"container\">\n\t\t\t\t<div class=\"elementor-element elementor-element-ee6cba5 animated-fast elementor-invisible elementor-widget elementor-widget-heading\" data-id=\"ee6cba5\" data-element_type=\"widget\" data-e-type=\"widget\" data-settings=\"{&quot;_animation&quot;:&quot;fadeIn&quot;}\" data-widget_type=\"heading.default\">\n\t\t\t\t<div class=\"elementor-widget-container\">\n\t\t\t\t\t<p class=\"elementor-heading-title elementor-size-default\">NUESTRA HISTORIA<\/p>\t\t\t\t<\/div>\n\t\t\t\t<\/div>\n\t\t\t\t<div class=\"elementor-element elementor-element-e27fabc animated-fast elementor-invisible elementor-widget elementor-widget-heading\" data-id=\"e27fabc\" data-element_type=\"widget\" data-e-type=\"widget\" data-settings=\"{&quot;_animation&quot;:&quot;fadeIn&quot;,&quot;_animation_delay&quot;:50}\" data-widget_type=\"heading.default\">\n\t\t\t\t<div class=\"elementor-widget-container\">\n\t\t\t\t\t<h2 class=\"elementor-heading-title elementor-size-default\">Nuestra Cl\u00ednica de Fisioterapia en Gij\u00f3n, el resultado de un camino con vocaci\u00f3n hacia el paciente.<\/h2>\t\t\t\t<\/div>\n\t\t\t\t<\/div>\n\t\t\t\t<div class=\"vamtam-has-theme-widget-styles elementor-element elementor-element-9f7f9b2 animated-fast elementor-invisible elementor-widget elementor-widget-text-editor\" data-id=\"9f7f9b2\" data-element_type=\"widget\" data-e-type=\"widget\" data-settings=\"{&quot;_animation&quot;:&quot;fadeIn&quot;,&quot;_animation_delay&quot;:100}\" data-widget_type=\"text-editor.default\">\n\t\t\t\t<div class=\"elementor-widget-container\">\n\t\t\t\t\t\t\t\t\t<p>Lograr la titulaci\u00f3n de Fisioterapia por la Universidad de Oviedo fue s\u00f3lo el principio. Luego surgi\u00f3 esa necesidad de continuar aprendiendo que nunca termina; y llegaron los m\u00e1sters, los cursos de postgrado y las actualizaciones en nuevas t\u00e9cnicas. El trabajo continuado en cl\u00ednica te va afianzando hasta que por fin alcanzas la excelencia de ofrecer un <strong>trato cercano al paciente<\/strong>. Cuando solucionas cualquier dolencia confirmas que has elegido bien: gusta, gratifica y reconforta lo que haces.<\/p><p>El camino te descubre la importancia de personalizar la atenci\u00f3n para hacer mejor el trabajo de cada d\u00eda. Es la secuencia que te concede el tiempo para crear un\u00a0espacio\u00a0propio; el resultado para volcar la filosof\u00eda del conocimiento aprendido y la experiencia acumulada. As\u00ed nace nuestra <strong>Cl\u00ednica de Fisioterapia en Gij\u00f3n<\/strong>, con mucha vocaci\u00f3n y el claro objetivo de hacer sencillo lo dif\u00edcil: quitar el dolor al paciente y rehabilitarlo. Nacemos para <strong>mejorar calidades de vida<\/strong> con los componentes de lo humano: trabajo sin escatimar tiempo, esfuerzo, trato, dedicaci\u00f3n ni tecnolog\u00eda.<\/p>\t\t\t\t\t\t\t\t<\/div>\n\t\t\t\t<\/div>\n\t\t\t\t<\/div>\n\t\t<div class=\"elementor-element elementor-element-cac3ecc e-con-full animated-fast e-flex elementor-invisible e-con e-child\" data-id=\"cac3ecc\" data-element_type=\"container\" data-e-type=\"container\" data-settings=\"{&quot;animation&quot;:&quot;fadeIn&quot;,&quot;sticky&quot;:&quot;top&quot;,&quot;sticky_on&quot;:[&quot;tablet&quot;],&quot;sticky_offset_tablet&quot;:70,&quot;sticky_parent&quot;:&quot;yes&quot;,&quot;sticky_offset&quot;:0,&quot;sticky_effects_offset&quot;:0,&quot;sticky_anchor_link_offset&quot;:0}\">\n\t\t<div class=\"elementor-element elementor-element-ab662db e-con-full animated-fast e-flex elementor-invisible e-con e-child\" data-id=\"ab662db\" data-element_type=\"container\" data-e-type=\"container\" data-settings=\"{&quot;animation&quot;:&quot;fadeIn&quot;}\">\n\t\t<div class=\"elementor-element elementor-element-edff8d9 e-con-full e-flex e-con e-child\" data-id=\"edff8d9\" data-element_type=\"container\" data-e-type=\"container\" data-settings=\"{&quot;background_background&quot;:&quot;classic&quot;}\">\n\t\t<a class=\"elementor-element elementor-element-047e3f8 e-con-full blur-background  e-flex e-con e-child\" data-id=\"047e3f8\" data-element_type=\"container\" data-e-type=\"container\" data-settings=\"{&quot;background_background&quot;:&quot;classic&quot;,&quot;position&quot;:&quot;absolute&quot;}\" href=\"https:\/\/cranky-zhukovsky.91-134-70-247.plesk.page\/index.php\/clinica-fisioterapia-gijon\/\">\n\t\t\t\t<div class=\"elementor-element elementor-element-2a0ca57 elementor-widget elementor-widget-heading\" data-id=\"2a0ca57\" data-element_type=\"widget\" data-e-type=\"widget\" data-widget_type=\"heading.default\">\n\t\t\t\t<div class=\"elementor-widget-container\">\n\t\t\t\t\t<div class=\"elementor-heading-title elementor-size-default\">Gonzalo Concejo<\/div>\t\t\t\t<\/div>\n\t\t\t\t<\/div>\n\t\t\t\t<div class=\"vamtam-has-theme-widget-styles elementor-element elementor-element-602e7e9 elementor-widget elementor-widget-text-editor\" data-id=\"602e7e9\" data-element_type=\"widget\" data-e-type=\"widget\" data-widget_type=\"text-editor.default\">\n\t\t\t\t<div class=\"elementor-widget-container\">\n\t\t\t\t\t\t\t\t\t<p>Fundador<\/p>\t\t\t\t\t\t\t\t<\/div>\n\t\t\t\t<\/div>\n\t\t\t\t<\/a>\n\t\t\t\t<\/div>\n\t\t\t\t<\/div>\n\t\t\t\t<\/div>\n\t\t\t\t\t<\/div>\n\t\t\t\t<\/div>\n\t\t<div class=\"elementor-element elementor-element-09922fa e-flex e-con-boxed e-con e-parent\" data-id=\"09922fa\" data-element_type=\"container\" data-e-type=\"container\" data-settings=\"{&quot;background_background&quot;:&quot;gradient&quot;}\">\n\t\t\t\t\t<div class=\"e-con-inner\">\n\t\t\t\t<div class=\"elementor-element elementor-element-21120de elementor-widget__width-initial animated-fast elementor-invisible elementor-widget elementor-widget-heading\" data-id=\"21120de\" data-element_type=\"widget\" data-e-type=\"widget\" data-settings=\"{&quot;_animation&quot;:&quot;fadeIn&quot;,&quot;_animation_delay&quot;:50}\" data-widget_type=\"heading.default\">\n\t\t\t\t<div class=\"elementor-widget-container\">\n\t\t\t\t\t<h2 class=\"elementor-heading-title elementor-size-default\">EQUIPO<\/h2>\t\t\t\t<\/div>\n\t\t\t\t<\/div>\n\t\t\t\t<div class=\"vamtam-has-theme-widget-styles elementor-element elementor-element-41949ac elementor-widget__width-initial elementor-widget-mobile__width-inherit elementor-widget elementor-widget-text-editor\" data-id=\"41949ac\" data-element_type=\"widget\" data-e-type=\"widget\" data-widget_type=\"text-editor.default\">\n\t\t\t\t<div class=\"elementor-widget-container\">\n\t\t\t\t\t\t\t\t\t<p>Contamos con un equipo de <strong>fisioterapeutas altamente cualificados<\/strong>, comprometidos con tu salud y bienestar. Nuestra experiencia, <strong>formaci\u00f3n continua<\/strong> y vocaci\u00f3n por el cuidado del paciente nos permiten ofrecer <strong>tratamientos personalizados<\/strong> y eficaces en cada caso.<\/p>\t\t\t\t\t\t\t\t<\/div>\n\t\t\t\t<\/div>\n\t\t<div class=\"elementor-element elementor-element-730b66a e-con-full e-flex e-con e-child\" data-id=\"730b66a\" data-element_type=\"container\" data-e-type=\"container\">\n\t\t<div class=\"elementor-element elementor-element-f1dc894 e-con-full animated-fast e-flex elementor-invisible e-con e-child\" data-id=\"f1dc894\" data-element_type=\"container\" data-e-type=\"container\" data-settings=\"{&quot;background_background&quot;:&quot;classic&quot;,&quot;animation&quot;:&quot;slideInUp&quot;}\">\n\t\t<div class=\"elementor-element elementor-element-166b499 e-con-full animated-fast e-flex elementor-invisible e-con e-child\" data-id=\"166b499\" data-element_type=\"container\" data-e-type=\"container\" data-settings=\"{&quot;background_background&quot;:&quot;classic&quot;,&quot;animation&quot;:&quot;slideInUp&quot;}\">\n\t\t\t\t<\/div>\n\t\t\t\t<\/div>\n\t\t<div class=\"elementor-element elementor-element-e02b897 e-con-full animated-fast e-flex elementor-invisible e-con e-child\" data-id=\"e02b897\" data-element_type=\"container\" data-e-type=\"container\" data-settings=\"{&quot;background_background&quot;:&quot;classic&quot;,&quot;animation&quot;:&quot;slideInUp&quot;}\">\n\t\t<div class=\"elementor-element elementor-element-135c3ee e-con-full e-flex e-con e-child\" data-id=\"135c3ee\" data-element_type=\"container\" data-e-type=\"container\">\n\t\t\t\t<div class=\"elementor-element elementor-element-921b883 elementor-widget elementor-widget-heading\" data-id=\"921b883\" data-element_type=\"widget\" data-e-type=\"widget\" data-widget_type=\"heading.default\">\n\t\t\t\t<div class=\"elementor-widget-container\">\n\t\t\t\t\t<h3 class=\"elementor-heading-title elementor-size-default\">Daniel Moreno Garc\u00eda<\/h3>\t\t\t\t<\/div>\n\t\t\t\t<\/div>\n\t\t\t\t<div class=\"vamtam-has-theme-widget-styles elementor-element elementor-element-e07b9e5 elementor-widget elementor-widget-text-editor\" data-id=\"e07b9e5\" data-element_type=\"widget\" data-e-type=\"widget\" data-widget_type=\"text-editor.default\">\n\t\t\t\t<div class=\"elementor-widget-container\">\n\t\t\t\t\t\t\t\t\t<p>Soy <strong>Daniel Moreno Garc\u00eda<\/strong>, fisioterapeuta en Cl\u00ednica de Fisioterapia Gonzalo Concejo. Me gradu\u00e9 en la Universidad de Oviedo y desde entonces he seguido ampliando mis conocimientos con formaci\u00f3n en ecograf\u00eda m\u00fasculo-esquel\u00e9tica, punci\u00f3n seca y ejercicio terap\u00e9utico, entre otras especializaciones.<\/p><p>Adem\u00e1s de mi labor como fisioterapeuta, cuento con experiencia como entrenador personal y monitor de sala, lo que me permite aplicar un <strong>enfoque integral en la recuperaci\u00f3n y prevenci\u00f3n de lesiones.<\/strong><\/p><p>Soy una persona implicada y comprometida con el bienestar de mis pacientes.<\/p><p>Mi objetivo es seguir creciendo profesionalmente y aportar lo mejor de m\u00ed para <strong>ayudar a cada persona a mejorar su calidad de vida.<\/strong><\/p>\t\t\t\t\t\t\t\t<\/div>\n\t\t\t\t<\/div>\n\t\t\t\t<\/div>\n\t\t\t\t<\/div>\n\t\t\t\t<\/div>\n\t\t\t\t\t<\/div>\n\t\t\t\t<\/div>\n\t\t\t\t<\/div>\n\t\t","protected":false},"excerpt":{"rendered":"<p>Tu bienestar, nuestra vocaci\u00f3n.<\/p>\n","protected":false},"author":1,"featured_media":0,"parent":0,"menu_order":0,"comment_status":"closed","ping_status":"closed","template":"","meta":{"footnotes":""},"class_list":["post-23","page","type-page","status-publish","hentry"],"yoast_head":"<!-- This site is optimized with the Yoast SEO plugin v27.3 - https:\/\/yoast.com\/product\/yoast-seo-wordpress\/ -->\n<title>Cl\u00ednica de Fisioterapia en Gij\u00f3n - Sobre nosotros - Gonzalo Concejo<\/title>\n<meta name=\"description\" content=\"Nuestra Cl\u00ednica de Fisioterapia en Gij\u00f3n, el resultado de un camino con vocaci\u00f3n hacia el paciente.\u200b\" \/>\n<meta name=\"robots\" content=\"index, follow, max-snippet:-1, max-image-preview:large, max-video-preview:-1\" \/>\n<link rel=\"canonical\" href=\"https:\/\/cranky-zhukovsky.91-134-70-247.plesk.page\/index.php\/clinica-fisioterapia-gijon\/\" \/>\n<meta property=\"og:locale\" content=\"es_ES\" \/>\n<meta property=\"og:type\" content=\"article\" \/>\n<meta property=\"og:title\" content=\"Cl\u00ednica de Fisioterapia en Gij\u00f3n - Sobre nosotros - Gonzalo Concejo\" \/>\n<meta property=\"og:description\" content=\"Nuestra Cl\u00ednica de Fisioterapia en Gij\u00f3n, el resultado de un camino con vocaci\u00f3n hacia el paciente.\u200b\" \/>\n<meta property=\"og:url\" content=\"https:\/\/cranky-zhukovsky.91-134-70-247.plesk.page\/index.php\/clinica-fisioterapia-gijon\/\" \/>\n<meta property=\"og:site_name\" content=\"Gonzalo Concejo\" \/>\n<meta property=\"article:modified_time\" content=\"2026-04-06T11:26:44+00:00\" \/>\n<meta name=\"twitter:card\" content=\"summary_large_image\" \/>\n<meta name=\"twitter:label1\" content=\"Tiempo de lectura\" \/>\n\t<meta name=\"twitter:data1\" content=\"2 minutos\" \/>\n<script type=\"application\/ld+json\" class=\"yoast-schema-graph\">{\"@context\":\"https:\\\/\\\/schema.org\",\"@graph\":[{\"@type\":\"WebPage\",\"@id\":\"https:\\\/\\\/cranky-zhukovsky.91-134-70-247.plesk.page\\\/index.php\\\/clinica-fisioterapia-gijon\\\/\",\"url\":\"https:\\\/\\\/cranky-zhukovsky.91-134-70-247.plesk.page\\\/index.php\\\/clinica-fisioterapia-gijon\\\/\",\"name\":\"Cl\u00ednica de Fisioterapia en Gij\u00f3n - Sobre nosotros - Gonzalo Concejo\",\"isPartOf\":{\"@id\":\"https:\\\/\\\/cranky-zhukovsky.91-134-70-247.plesk.page\\\/#website\"},\"datePublished\":\"2025-09-03T08:27:34+00:00\",\"dateModified\":\"2026-04-06T11:26:44+00:00\",\"description\":\"Nuestra Cl\u00ednica de Fisioterapia en Gij\u00f3n, el resultado de un camino con vocaci\u00f3n hacia el paciente.\u200b\",\"breadcrumb\":{\"@id\":\"https:\\\/\\\/cranky-zhukovsky.91-134-70-247.plesk.page\\\/index.php\\\/clinica-fisioterapia-gijon\\\/#breadcrumb\"},\"inLanguage\":\"es\",\"potentialAction\":[{\"@type\":\"ReadAction\",\"target\":[\"https:\\\/\\\/cranky-zhukovsky.91-134-70-247.plesk.page\\\/index.php\\\/clinica-fisioterapia-gijon\\\/\"]}]},{\"@type\":\"BreadcrumbList\",\"@id\":\"https:\\\/\\\/cranky-zhukovsky.91-134-70-247.plesk.page\\\/index.php\\\/clinica-fisioterapia-gijon\\\/#breadcrumb\",\"itemListElement\":[{\"@type\":\"ListItem\",\"position\":1,\"name\":\"Portada\",\"item\":\"https:\\\/\\\/cranky-zhukovsky.91-134-70-247.plesk.page\\\/\"},{\"@type\":\"ListItem\",\"position\":2,\"name\":\"Sobre nosotros\"}]},{\"@type\":\"WebSite\",\"@id\":\"https:\\\/\\\/cranky-zhukovsky.91-134-70-247.plesk.page\\\/#website\",\"url\":\"https:\\\/\\\/cranky-zhukovsky.91-134-70-247.plesk.page\\\/\",\"name\":\"Gonzalo Concejo\",\"description\":\"Cl\u00ednica de Fisioterapia\",\"publisher\":{\"@id\":\"https:\\\/\\\/cranky-zhukovsky.91-134-70-247.plesk.page\\\/#organization\"},\"potentialAction\":[{\"@type\":\"SearchAction\",\"target\":{\"@type\":\"EntryPoint\",\"urlTemplate\":\"https:\\\/\\\/cranky-zhukovsky.91-134-70-247.plesk.page\\\/?s={search_term_string}\"},\"query-input\":{\"@type\":\"PropertyValueSpecification\",\"valueRequired\":true,\"valueName\":\"search_term_string\"}}],\"inLanguage\":\"es\"},{\"@type\":\"Organization\",\"@id\":\"https:\\\/\\\/cranky-zhukovsky.91-134-70-247.plesk.page\\\/#organization\",\"name\":\"Gonzalo Concejo\",\"url\":\"https:\\\/\\\/cranky-zhukovsky.91-134-70-247.plesk.page\\\/\",\"logo\":{\"@type\":\"ImageObject\",\"inLanguage\":\"es\",\"@id\":\"https:\\\/\\\/cranky-zhukovsky.91-134-70-247.plesk.page\\\/#\\\/schema\\\/logo\\\/image\\\/\",\"url\":\"https:\\\/\\\/cranky-zhukovsky.91-134-70-247.plesk.page\\\/wp-content\\\/uploads\\\/2026\\\/03\\\/cropped-logo-gonzalo-concejo.png\",\"contentUrl\":\"https:\\\/\\\/cranky-zhukovsky.91-134-70-247.plesk.page\\\/wp-content\\\/uploads\\\/2026\\\/03\\\/cropped-logo-gonzalo-concejo.png\",\"width\":346,\"height\":81,\"caption\":\"Gonzalo Concejo\"},\"image\":{\"@id\":\"https:\\\/\\\/cranky-zhukovsky.91-134-70-247.plesk.page\\\/#\\\/schema\\\/logo\\\/image\\\/\"}}]}<\/script>\n<!-- \/ Yoast SEO plugin. -->","yoast_head_json":{"title":"Cl\u00ednica de Fisioterapia en Gij\u00f3n - Sobre nosotros - Gonzalo Concejo","description":"Nuestra Cl\u00ednica de Fisioterapia en Gij\u00f3n, el resultado de un camino con vocaci\u00f3n hacia el paciente.\u200b","robots":{"index":"index","follow":"follow","max-snippet":"max-snippet:-1","max-image-preview":"max-image-preview:large","max-video-preview":"max-video-preview:-1"},"canonical":"https:\/\/cranky-zhukovsky.91-134-70-247.plesk.page\/index.php\/clinica-fisioterapia-gijon\/","og_locale":"es_ES","og_type":"article","og_title":"Cl\u00ednica de Fisioterapia en Gij\u00f3n - Sobre nosotros - Gonzalo Concejo","og_description":"Nuestra Cl\u00ednica de Fisioterapia en Gij\u00f3n, el resultado de un camino con vocaci\u00f3n hacia el paciente.\u200b","og_url":"https:\/\/cranky-zhukovsky.91-134-70-247.plesk.page\/index.php\/clinica-fisioterapia-gijon\/","og_site_name":"Gonzalo Concejo","article_modified_time":"2026-04-06T11:26:44+00:00","twitter_card":"summary_large_image","twitter_misc":{"Tiempo de lectura":"2 minutos"},"schema":{"@context":"https:\/\/schema.org","@graph":[{"@type":"WebPage","@id":"https:\/\/cranky-zhukovsky.91-134-70-247.plesk.page\/index.php\/clinica-fisioterapia-gijon\/","url":"https:\/\/cranky-zhukovsky.91-134-70-247.plesk.page\/index.php\/clinica-fisioterapia-gijon\/","name":"Cl\u00ednica de Fisioterapia en Gij\u00f3n - Sobre nosotros - Gonzalo Concejo","isPartOf":{"@id":"https:\/\/cranky-zhukovsky.91-134-70-247.plesk.page\/#website"},"datePublished":"2025-09-03T08:27:34+00:00","dateModified":"2026-04-06T11:26:44+00:00","description":"Nuestra Cl\u00ednica de Fisioterapia en Gij\u00f3n, el resultado de un camino con vocaci\u00f3n hacia el paciente.\u200b","breadcrumb":{"@id":"https:\/\/cranky-zhukovsky.91-134-70-247.plesk.page\/index.php\/clinica-fisioterapia-gijon\/#breadcrumb"},"inLanguage":"es","potentialAction":[{"@type":"ReadAction","target":["https:\/\/cranky-zhukovsky.91-134-70-247.plesk.page\/index.php\/clinica-fisioterapia-gijon\/"]}]},{"@type":"BreadcrumbList","@id":"https:\/\/cranky-zhukovsky.91-134-70-247.plesk.page\/index.php\/clinica-fisioterapia-gijon\/#breadcrumb","itemListElement":[{"@type":"ListItem","position":1,"name":"Portada","item":"https:\/\/cranky-zhukovsky.91-134-70-247.plesk.page\/"},{"@type":"ListItem","position":2,"name":"Sobre nosotros"}]},{"@type":"WebSite","@id":"https:\/\/cranky-zhukovsky.91-134-70-247.plesk.page\/#website","url":"https:\/\/cranky-zhukovsky.91-134-70-247.plesk.page\/","name":"Gonzalo Concejo","description":"Cl\u00ednica de Fisioterapia","publisher":{"@id":"https:\/\/cranky-zhukovsky.91-134-70-247.plesk.page\/#organization"},"potentialAction":[{"@type":"SearchAction","target":{"@type":"EntryPoint","urlTemplate":"https:\/\/cranky-zhukovsky.91-134-70-247.plesk.page\/?s={search_term_string}"},"query-input":{"@type":"PropertyValueSpecification","valueRequired":true,"valueName":"search_term_string"}}],"inLanguage":"es"},{"@type":"Organization","@id":"https:\/\/cranky-zhukovsky.91-134-70-247.plesk.page\/#organization","name":"Gonzalo Concejo","url":"https:\/\/cranky-zhukovsky.91-134-70-247.plesk.page\/","logo":{"@type":"ImageObject","inLanguage":"es","@id":"https:\/\/cranky-zhukovsky.91-134-70-247.plesk.page\/#\/schema\/logo\/image\/","url":"https:\/\/cranky-zhukovsky.91-134-70-247.plesk.page\/wp-content\/uploads\/2026\/03\/cropped-logo-gonzalo-concejo.png","contentUrl":"https:\/\/cranky-zhukovsky.91-134-70-247.plesk.page\/wp-content\/uploads\/2026\/03\/cropped-logo-gonzalo-concejo.png","width":346,"height":81,"caption":"Gonzalo Concejo"},"image":{"@id":"https:\/\/cranky-zhukovsky.91-134-70-247.plesk.page\/#\/schema\/logo\/image\/"}}]}},"_links":{"self":[{"href":"https:\/\/cranky-zhukovsky.91-134-70-247.plesk.page\/index.php\/wp-json\/wp\/v2\/pages\/23","targetHints":{"allow":["GET"]}}],"collection":[{"href":"https:\/\/cranky-zhukovsky.91-134-70-247.plesk.page\/index.php\/wp-json\/wp\/v2\/pages"}],"about":[{"href":"https:\/\/cranky-zhukovsky.91-134-70-247.plesk.page\/index.php\/wp-json\/wp\/v2\/types\/page"}],"author":[{"embeddable":true,"href":"https:\/\/cranky-zhukovsky.91-134-70-247.plesk.page\/index.php\/wp-json\/wp\/v2\/users\/1"}],"replies":[{"embeddable":true,"href":"https:\/\/cranky-zhukovsky.91-134-70-247.plesk.page\/index.php\/wp-json\/wp\/v2\/comments?post=23"}],"version-history":[{"count":42,"href":"https:\/\/cranky-zhukovsky.91-134-70-247.plesk.page\/index.php\/wp-json\/wp\/v2\/pages\/23\/revisions"}],"predecessor-version":[{"id":988176,"href":"https:\/\/cranky-zhukovsky.91-134-70-247.plesk.page\/index.php\/wp-json\/wp\/v2\/pages\/23\/revisions\/988176"}],"wp:attachment":[{"href":"https:\/\/cranky-zhukovsky.91-134-70-247.plesk.page\/index.php\/wp-json\/wp\/v2\/media?parent=23"}],"curies":[{"name":"wp","href":"https:\/\/api.w.org\/{rel}","templated":true}]}}