{"id":37,"date":"2025-09-03T08:25:33","date_gmt":"2025-09-03T08:25:33","guid":{"rendered":"https:\/\/flexora.vamtam.com\/?page_id=37"},"modified":"2026-04-08T13:53:42","modified_gmt":"2026-04-08T13:53:42","slug":"tecnica-epi-ecoguiada-gijon","status":"publish","type":"page","link":"https:\/\/cranky-zhukovsky.91-134-70-247.plesk.page\/index.php\/servicios\/tecnica-epi-ecoguiada-gijon\/","title":{"rendered":"T\u00e9cnica EPI Ecoguiada"},"content":{"rendered":"\t\t<div data-elementor-type=\"wp-page\" data-elementor-id=\"37\" class=\"elementor elementor-37\" data-elementor-post-type=\"page\">\n\t\t\t\t<div class=\"elementor-element elementor-element-9f4a3d5 e-flex e-con-boxed e-con e-parent\" data-id=\"9f4a3d5\" data-element_type=\"container\" data-e-type=\"container\">\n\t\t\t\t\t<div class=\"e-con-inner\">\n\t\t\t\t<div class=\"vamtam-has-theme-widget-styles elementor-element elementor-element-6edc3e2 elementor-widget elementor-widget-text-editor\" data-id=\"6edc3e2\" data-element_type=\"widget\" data-e-type=\"widget\" data-widget_type=\"text-editor.default\">\n\t\t\t\t<div class=\"elementor-widget-container\">\n\t\t\t\t\t\t\t\t\t<p>T\u00e9cnica m\u00ednimamente invasiva que regenera tejidos da\u00f1ados y acelera la recuperaci\u00f3n de lesiones.<\/p>\t\t\t\t\t\t\t\t<\/div>\n\t\t\t\t<\/div>\n\t\t\t\t<div class=\"elementor-element elementor-element-1d6755a elementor-widget-divider--view-line elementor-widget elementor-widget-divider\" data-id=\"1d6755a\" data-element_type=\"widget\" data-e-type=\"widget\" data-widget_type=\"divider.default\">\n\t\t\t\t<div class=\"elementor-widget-container\">\n\t\t\t\t\t\t\t<div class=\"elementor-divider\">\n\t\t\t<span class=\"elementor-divider-separator\">\n\t\t\t\t\t\t<\/span>\n\t\t<\/div>\n\t\t\t\t\t\t<\/div>\n\t\t\t\t<\/div>\n\t\t\t\t<div class=\"elementor-element elementor-element-130c713 elementor-widget elementor-widget-heading\" data-id=\"130c713\" data-element_type=\"widget\" data-e-type=\"widget\" data-widget_type=\"heading.default\">\n\t\t\t\t<div class=\"elementor-widget-container\">\n\t\t\t\t\t<h2 class=\"elementor-heading-title elementor-size-default\">\u00bfQu\u00e9 es la T\u00e9cnica EPI Ecoguiada y c\u00f3mo trabajamos?<\/h2>\t\t\t\t<\/div>\n\t\t\t\t<\/div>\n\t\t\t\t<div class=\"vamtam-has-theme-widget-styles elementor-element elementor-element-5999e9c elementor-widget elementor-widget-text-editor\" data-id=\"5999e9c\" data-element_type=\"widget\" data-e-type=\"widget\" data-widget_type=\"text-editor.default\">\n\t\t\t\t<div class=\"elementor-widget-container\">\n\t\t\t\t\t\t\t\t\t<p>La EPI (Electr\u00f3lisis Percut\u00e1nea Intratisular) es una t\u00e9cnica invasiva que utiliza una corriente galv\u00e1nica aplicada mediante una aguja para estimular la regeneraci\u00f3n del tejido da\u00f1ado.<\/p><p>La clave est\u00e1 en que es ecoguiada, es decir:<\/p><p>Utilizamos ecograf\u00eda para localizar con precisi\u00f3n la zona lesionada y aplicar el tratamiento exactamente donde se necesita.<\/p><p>Pero, de nuevo, es importante entenderlo bien:<\/p><p>La EPI no es una soluci\u00f3n aislada ni milagrosa.<\/p><p>En nuestra cl\u00ednica de fisioterapia en Gij\u00f3n, la integramos dentro de un plan completo:<\/p><ul><li><strong>Valoraci\u00f3n individualizada con ecograf\u00eda<\/strong><\/li><li>Aplicaci\u00f3n precisa de EPI ecoguiada<\/li><li><strong>Ejercicio terap\u00e9utico espec\u00edfico para tu lesi\u00f3n<\/strong><\/li><li>Control de cargas y progresi\u00f3n adaptada<\/li><li>Educaci\u00f3n para evitar reca\u00eddas<\/li><\/ul><p>El objetivo no es solo \u201cpinchar\u201d, sino <strong>estimular la recuperaci\u00f3n real del tejido y acompa\u00f1arla con movimiento.<\/strong><\/p>\t\t\t\t\t\t\t\t<\/div>\n\t\t\t\t<\/div>\n\t\t\t\t\t<\/div>\n\t\t\t\t<\/div>\n\t\t<div class=\"elementor-element elementor-element-3af6009 e-flex e-con-boxed e-con e-parent\" data-id=\"3af6009\" data-element_type=\"container\" data-e-type=\"container\" data-settings=\"{&quot;background_background&quot;:&quot;classic&quot;}\">\n\t\t\t\t\t<div class=\"e-con-inner\">\n\t\t\t\t<div class=\"elementor-element elementor-element-caa135f elementor-widget elementor-widget-heading\" data-id=\"caa135f\" data-element_type=\"widget\" data-e-type=\"widget\" data-widget_type=\"heading.default\">\n\t\t\t\t<div class=\"elementor-widget-container\">\n\t\t\t\t\t<h2 class=\"elementor-heading-title elementor-size-default\">Beneficios de la EPI Ecoguiada<\/h2>\t\t\t\t<\/div>\n\t\t\t\t<\/div>\n\t\t\t\t<div class=\"vamtam-has-theme-widget-styles elementor-element elementor-element-c769445 elementor-widget elementor-widget-text-editor\" data-id=\"c769445\" data-element_type=\"widget\" data-e-type=\"widget\" data-widget_type=\"text-editor.default\">\n\t\t\t\t<div class=\"elementor-widget-container\">\n\t\t\t\t\t\t\t\t\t<p>Cuando est\u00e1 bien indicada, puede ayudarte a:<\/p>\t\t\t\t\t\t\t\t<\/div>\n\t\t\t\t<\/div>\n\t\t\t\t<div class=\"elementor-element elementor-element-7b5b590 elementor-position-inline-start elementor-mobile-position-inline-start elementor-view-default elementor-widget elementor-widget-icon-box\" data-id=\"7b5b590\" data-element_type=\"widget\" data-e-type=\"widget\" data-widget_type=\"icon-box.default\">\n\t\t\t\t<div class=\"elementor-widget-container\">\n\t\t\t\t\t\t\t<div class=\"elementor-icon-box-wrapper\">\n\n\t\t\t\t\t\t<div class=\"elementor-icon-box-icon\">\n\t\t\t\t<span  class=\"elementor-icon\">\n\t\t\t\t<i aria-hidden=\"true\" class=\"fas fa-check\"><\/i>\t\t\t\t<\/span>\n\t\t\t<\/div>\n\t\t\t\n\t\t\t\t\t\t<div class=\"elementor-icon-box-content\">\n\n\t\t\t\t\t\t\t\t\t<h3 class=\"elementor-icon-box-title\">\n\t\t\t\t\t\t<span  >\n\t\t\t\t\t\t\tEstimular la regeneraci\u00f3n del tejido lesionado\t\t\t\t\t\t<\/span>\n\t\t\t\t\t<\/h3>\n\t\t\t\t\n\t\t\t\t\n\t\t\t<\/div>\n\t\t\t\n\t\t<\/div>\n\t\t\t\t\t\t<\/div>\n\t\t\t\t<\/div>\n\t\t\t\t<div class=\"elementor-element elementor-element-60d7a2e elementor-position-inline-start elementor-mobile-position-inline-start elementor-view-default elementor-widget elementor-widget-icon-box\" data-id=\"60d7a2e\" data-element_type=\"widget\" data-e-type=\"widget\" data-widget_type=\"icon-box.default\">\n\t\t\t\t<div class=\"elementor-widget-container\">\n\t\t\t\t\t\t\t<div class=\"elementor-icon-box-wrapper\">\n\n\t\t\t\t\t\t<div class=\"elementor-icon-box-icon\">\n\t\t\t\t<span  class=\"elementor-icon\">\n\t\t\t\t<i aria-hidden=\"true\" class=\"fas fa-check\"><\/i>\t\t\t\t<\/span>\n\t\t\t<\/div>\n\t\t\t\n\t\t\t\t\t\t<div class=\"elementor-icon-box-content\">\n\n\t\t\t\t\t\t\t\t\t<h3 class=\"elementor-icon-box-title\">\n\t\t\t\t\t\t<span  >\n\t\t\t\t\t\t\tActuar directamente sobre la zona afectada con precisi\u00f3n\t\t\t\t\t\t<\/span>\n\t\t\t\t\t<\/h3>\n\t\t\t\t\n\t\t\t\t\n\t\t\t<\/div>\n\t\t\t\n\t\t<\/div>\n\t\t\t\t\t\t<\/div>\n\t\t\t\t<\/div>\n\t\t\t\t<div class=\"elementor-element elementor-element-f5b6be5 elementor-position-inline-start elementor-mobile-position-inline-start elementor-view-default elementor-widget elementor-widget-icon-box\" data-id=\"f5b6be5\" data-element_type=\"widget\" data-e-type=\"widget\" data-widget_type=\"icon-box.default\">\n\t\t\t\t<div class=\"elementor-widget-container\">\n\t\t\t\t\t\t\t<div class=\"elementor-icon-box-wrapper\">\n\n\t\t\t\t\t\t<div class=\"elementor-icon-box-icon\">\n\t\t\t\t<span  class=\"elementor-icon\">\n\t\t\t\t<i aria-hidden=\"true\" class=\"fas fa-check\"><\/i>\t\t\t\t<\/span>\n\t\t\t<\/div>\n\t\t\t\n\t\t\t\t\t\t<div class=\"elementor-icon-box-content\">\n\n\t\t\t\t\t\t\t\t\t<h3 class=\"elementor-icon-box-title\">\n\t\t\t\t\t\t<span  >\n\t\t\t\t\t\t\tReducir el dolor en lesiones persistentes\t\t\t\t\t\t<\/span>\n\t\t\t\t\t<\/h3>\n\t\t\t\t\n\t\t\t\t\n\t\t\t<\/div>\n\t\t\t\n\t\t<\/div>\n\t\t\t\t\t\t<\/div>\n\t\t\t\t<\/div>\n\t\t\t\t<div class=\"elementor-element elementor-element-ae5e0be elementor-position-inline-start elementor-mobile-position-inline-start elementor-view-default elementor-widget elementor-widget-icon-box\" data-id=\"ae5e0be\" data-element_type=\"widget\" data-e-type=\"widget\" data-widget_type=\"icon-box.default\">\n\t\t\t\t<div class=\"elementor-widget-container\">\n\t\t\t\t\t\t\t<div class=\"elementor-icon-box-wrapper\">\n\n\t\t\t\t\t\t<div class=\"elementor-icon-box-icon\">\n\t\t\t\t<span  class=\"elementor-icon\">\n\t\t\t\t<i aria-hidden=\"true\" class=\"fas fa-check\"><\/i>\t\t\t\t<\/span>\n\t\t\t<\/div>\n\t\t\t\n\t\t\t\t\t\t<div class=\"elementor-icon-box-content\">\n\n\t\t\t\t\t\t\t\t\t<h3 class=\"elementor-icon-box-title\">\n\t\t\t\t\t\t<span  >\n\t\t\t\t\t\t\tMejorar la calidad del tejido (tendones, m\u00fasculos)\t\t\t\t\t\t<\/span>\n\t\t\t\t\t<\/h3>\n\t\t\t\t\n\t\t\t\t\n\t\t\t<\/div>\n\t\t\t\n\t\t<\/div>\n\t\t\t\t\t\t<\/div>\n\t\t\t\t<\/div>\n\t\t\t\t<div class=\"elementor-element elementor-element-a874566 elementor-position-inline-start elementor-mobile-position-inline-start elementor-view-default elementor-widget elementor-widget-icon-box\" data-id=\"a874566\" data-element_type=\"widget\" data-e-type=\"widget\" data-widget_type=\"icon-box.default\">\n\t\t\t\t<div class=\"elementor-widget-container\">\n\t\t\t\t\t\t\t<div class=\"elementor-icon-box-wrapper\">\n\n\t\t\t\t\t\t<div class=\"elementor-icon-box-icon\">\n\t\t\t\t<span  class=\"elementor-icon\">\n\t\t\t\t<i aria-hidden=\"true\" class=\"fas fa-check\"><\/i>\t\t\t\t<\/span>\n\t\t\t<\/div>\n\t\t\t\n\t\t\t\t\t\t<div class=\"elementor-icon-box-content\">\n\n\t\t\t\t\t\t\t\t\t<h3 class=\"elementor-icon-box-title\">\n\t\t\t\t\t\t<span  >\n\t\t\t\t\t\t\tAcelerar el proceso de recuperaci\u00f3n junto al ejercicio\t\t\t\t\t\t<\/span>\n\t\t\t\t\t<\/h3>\n\t\t\t\t\n\t\t\t\t\n\t\t\t<\/div>\n\t\t\t\n\t\t<\/div>\n\t\t\t\t\t\t<\/div>\n\t\t\t\t<\/div>\n\t\t\t\t\t<\/div>\n\t\t\t\t<\/div>\n\t\t<div class=\"elementor-element elementor-element-ce2aab0 e-flex e-con-boxed e-con e-parent\" data-id=\"ce2aab0\" data-element_type=\"container\" data-e-type=\"container\">\n\t\t\t\t\t<div class=\"e-con-inner\">\n\t\t\t\t<div class=\"elementor-element elementor-element-3da6eff elementor-widget elementor-widget-heading\" data-id=\"3da6eff\" data-element_type=\"widget\" data-e-type=\"widget\" data-widget_type=\"heading.default\">\n\t\t\t\t<div class=\"elementor-widget-container\">\n\t\t\t\t\t<h2 class=\"elementor-heading-title elementor-size-default\">\u00bfPara qui\u00e9n es est\u00e1 indicada?<\/h2>\t\t\t\t<\/div>\n\t\t\t\t<\/div>\n\t\t\t\t<div class=\"vamtam-has-theme-widget-styles elementor-element elementor-element-1e92049 elementor-widget elementor-widget-text-editor\" data-id=\"1e92049\" data-element_type=\"widget\" data-e-type=\"widget\" data-widget_type=\"text-editor.default\">\n\t\t\t\t<div class=\"elementor-widget-container\">\n\t\t\t\t\t\t\t\t\t<p>La t\u00e9cnica EPI ecoguiada est\u00e1 indicada principalmente en lesiones como:<\/p><ul><li>Tendinopat\u00edas (rotuliana, aquiles, epicondilitis\u2026)<\/li><li>Lesiones musculares mal recuperadas<\/li><li>Fascitis plantar<\/li><li>Dolor persistente en hombro<\/li><li>Lesiones deportivas cr\u00f3nicas<\/li><li>Procesos que no han mejorado con tratamientos convencionales<\/li><\/ul><p>Si buscas una<strong> cl\u00ednica de fisioterapia en Gij\u00f3n<\/strong> con tecnolog\u00eda avanzada y un enfoque riguroso, este tratamiento puede ser una buena opci\u00f3n.<\/p>\t\t\t\t\t\t\t\t<\/div>\n\t\t\t\t<\/div>\n\t\t\t\t\t<\/div>\n\t\t\t\t<\/div>\n\t\t\t\t<\/div>\n\t\t","protected":false},"excerpt":{"rendered":"<p>T\u00e9cnica m\u00ednimamente invasiva que regenera tejidos da\u00f1ados y acelera la recuperaci\u00f3n de lesiones.<\/p>\n","protected":false},"author":1,"featured_media":988154,"parent":29,"menu_order":0,"comment_status":"closed","ping_status":"closed","template":"","meta":{"footnotes":""},"class_list":["post-37","page","type-page","status-publish","has-post-thumbnail","hentry"],"yoast_head":"<!-- This site is optimized with the Yoast SEO plugin v27.3 - https:\/\/yoast.com\/product\/yoast-seo-wordpress\/ -->\n<title>EPI Ecoguiada en Gij\u00f3n - Gonzalo Concejo<\/title>\n<meta name=\"description\" content=\"Tratamiento con EPI ecoguiada en Gij\u00f3n para lesiones persistentes. Precisi\u00f3n con ecograf\u00eda y enfoque basado en evidencia. Reserva tu cita.\" \/>\n<meta name=\"robots\" content=\"index, follow, max-snippet:-1, max-image-preview:large, max-video-preview:-1\" \/>\n<link rel=\"canonical\" href=\"https:\/\/cranky-zhukovsky.91-134-70-247.plesk.page\/index.php\/servicios\/tecnica-epi-ecoguiada-gijon\/\" \/>\n<meta property=\"og:locale\" content=\"es_ES\" \/>\n<meta property=\"og:type\" content=\"article\" \/>\n<meta property=\"og:title\" content=\"EPI Ecoguiada en Gij\u00f3n - Gonzalo Concejo\" \/>\n<meta property=\"og:description\" content=\"Tratamiento con EPI ecoguiada en Gij\u00f3n para lesiones persistentes. Precisi\u00f3n con ecograf\u00eda y enfoque basado en evidencia. Reserva tu cita.\" \/>\n<meta property=\"og:url\" content=\"https:\/\/cranky-zhukovsky.91-134-70-247.plesk.page\/index.php\/servicios\/tecnica-epi-ecoguiada-gijon\/\" \/>\n<meta property=\"og:site_name\" content=\"Gonzalo Concejo\" \/>\n<meta property=\"article:modified_time\" content=\"2026-04-08T13:53:42+00:00\" \/>\n<meta property=\"og:image\" content=\"https:\/\/cranky-zhukovsky.91-134-70-247.plesk.page\/wp-content\/uploads\/2026\/04\/EPI-Ecoguiada.webp\" \/>\n\t<meta property=\"og:image:width\" content=\"500\" \/>\n\t<meta property=\"og:image:height\" content=\"354\" \/>\n\t<meta property=\"og:image:type\" content=\"image\/webp\" \/>\n<meta name=\"twitter:card\" content=\"summary_large_image\" \/>\n<meta name=\"twitter:label1\" content=\"Tiempo de lectura\" \/>\n\t<meta name=\"twitter:data1\" content=\"2 minutos\" \/>\n<script type=\"application\/ld+json\" class=\"yoast-schema-graph\">{\"@context\":\"https:\\\/\\\/schema.org\",\"@graph\":[{\"@type\":\"WebPage\",\"@id\":\"https:\\\/\\\/cranky-zhukovsky.91-134-70-247.plesk.page\\\/index.php\\\/servicios\\\/tecnica-epi-ecoguiada-gijon\\\/\",\"url\":\"https:\\\/\\\/cranky-zhukovsky.91-134-70-247.plesk.page\\\/index.php\\\/servicios\\\/tecnica-epi-ecoguiada-gijon\\\/\",\"name\":\"EPI Ecoguiada en Gij\u00f3n - Gonzalo Concejo\",\"isPartOf\":{\"@id\":\"https:\\\/\\\/cranky-zhukovsky.91-134-70-247.plesk.page\\\/#website\"},\"primaryImageOfPage\":{\"@id\":\"https:\\\/\\\/cranky-zhukovsky.91-134-70-247.plesk.page\\\/index.php\\\/servicios\\\/tecnica-epi-ecoguiada-gijon\\\/#primaryimage\"},\"image\":{\"@id\":\"https:\\\/\\\/cranky-zhukovsky.91-134-70-247.plesk.page\\\/index.php\\\/servicios\\\/tecnica-epi-ecoguiada-gijon\\\/#primaryimage\"},\"thumbnailUrl\":\"https:\\\/\\\/cranky-zhukovsky.91-134-70-247.plesk.page\\\/wp-content\\\/uploads\\\/2026\\\/04\\\/EPI-Ecoguiada.webp\",\"datePublished\":\"2025-09-03T08:25:33+00:00\",\"dateModified\":\"2026-04-08T13:53:42+00:00\",\"description\":\"Tratamiento con EPI ecoguiada en Gij\u00f3n para lesiones persistentes. Precisi\u00f3n con ecograf\u00eda y enfoque basado en evidencia. Reserva tu cita.\",\"breadcrumb\":{\"@id\":\"https:\\\/\\\/cranky-zhukovsky.91-134-70-247.plesk.page\\\/index.php\\\/servicios\\\/tecnica-epi-ecoguiada-gijon\\\/#breadcrumb\"},\"inLanguage\":\"es\",\"potentialAction\":[{\"@type\":\"ReadAction\",\"target\":[\"https:\\\/\\\/cranky-zhukovsky.91-134-70-247.plesk.page\\\/index.php\\\/servicios\\\/tecnica-epi-ecoguiada-gijon\\\/\"]}]},{\"@type\":\"ImageObject\",\"inLanguage\":\"es\",\"@id\":\"https:\\\/\\\/cranky-zhukovsky.91-134-70-247.plesk.page\\\/index.php\\\/servicios\\\/tecnica-epi-ecoguiada-gijon\\\/#primaryimage\",\"url\":\"https:\\\/\\\/cranky-zhukovsky.91-134-70-247.plesk.page\\\/wp-content\\\/uploads\\\/2026\\\/04\\\/EPI-Ecoguiada.webp\",\"contentUrl\":\"https:\\\/\\\/cranky-zhukovsky.91-134-70-247.plesk.page\\\/wp-content\\\/uploads\\\/2026\\\/04\\\/EPI-Ecoguiada.webp\",\"width\":500,\"height\":354,\"caption\":\"EPI Ecoguiada\"},{\"@type\":\"BreadcrumbList\",\"@id\":\"https:\\\/\\\/cranky-zhukovsky.91-134-70-247.plesk.page\\\/index.php\\\/servicios\\\/tecnica-epi-ecoguiada-gijon\\\/#breadcrumb\",\"itemListElement\":[{\"@type\":\"ListItem\",\"position\":1,\"name\":\"Portada\",\"item\":\"https:\\\/\\\/cranky-zhukovsky.91-134-70-247.plesk.page\\\/\"},{\"@type\":\"ListItem\",\"position\":2,\"name\":\"Servicios\",\"item\":\"https:\\\/\\\/cranky-zhukovsky.91-134-70-247.plesk.page\\\/index.php\\\/servicios\\\/\"},{\"@type\":\"ListItem\",\"position\":3,\"name\":\"T\u00e9cnica EPI Ecoguiada\"}]},{\"@type\":\"WebSite\",\"@id\":\"https:\\\/\\\/cranky-zhukovsky.91-134-70-247.plesk.page\\\/#website\",\"url\":\"https:\\\/\\\/cranky-zhukovsky.91-134-70-247.plesk.page\\\/\",\"name\":\"Gonzalo Concejo\",\"description\":\"Cl\u00ednica de Fisioterapia\",\"publisher\":{\"@id\":\"https:\\\/\\\/cranky-zhukovsky.91-134-70-247.plesk.page\\\/#organization\"},\"potentialAction\":[{\"@type\":\"SearchAction\",\"target\":{\"@type\":\"EntryPoint\",\"urlTemplate\":\"https:\\\/\\\/cranky-zhukovsky.91-134-70-247.plesk.page\\\/?s={search_term_string}\"},\"query-input\":{\"@type\":\"PropertyValueSpecification\",\"valueRequired\":true,\"valueName\":\"search_term_string\"}}],\"inLanguage\":\"es\"},{\"@type\":\"Organization\",\"@id\":\"https:\\\/\\\/cranky-zhukovsky.91-134-70-247.plesk.page\\\/#organization\",\"name\":\"Gonzalo Concejo\",\"url\":\"https:\\\/\\\/cranky-zhukovsky.91-134-70-247.plesk.page\\\/\",\"logo\":{\"@type\":\"ImageObject\",\"inLanguage\":\"es\",\"@id\":\"https:\\\/\\\/cranky-zhukovsky.91-134-70-247.plesk.page\\\/#\\\/schema\\\/logo\\\/image\\\/\",\"url\":\"https:\\\/\\\/cranky-zhukovsky.91-134-70-247.plesk.page\\\/wp-content\\\/uploads\\\/2026\\\/03\\\/cropped-logo-gonzalo-concejo.png\",\"contentUrl\":\"https:\\\/\\\/cranky-zhukovsky.91-134-70-247.plesk.page\\\/wp-content\\\/uploads\\\/2026\\\/03\\\/cropped-logo-gonzalo-concejo.png\",\"width\":346,\"height\":81,\"caption\":\"Gonzalo Concejo\"},\"image\":{\"@id\":\"https:\\\/\\\/cranky-zhukovsky.91-134-70-247.plesk.page\\\/#\\\/schema\\\/logo\\\/image\\\/\"}}]}<\/script>\n<!-- \/ Yoast SEO plugin. -->","yoast_head_json":{"title":"EPI Ecoguiada en Gij\u00f3n - Gonzalo Concejo","description":"Tratamiento con EPI ecoguiada en Gij\u00f3n para lesiones persistentes. Precisi\u00f3n con ecograf\u00eda y enfoque basado en evidencia. Reserva tu cita.","robots":{"index":"index","follow":"follow","max-snippet":"max-snippet:-1","max-image-preview":"max-image-preview:large","max-video-preview":"max-video-preview:-1"},"canonical":"https:\/\/cranky-zhukovsky.91-134-70-247.plesk.page\/index.php\/servicios\/tecnica-epi-ecoguiada-gijon\/","og_locale":"es_ES","og_type":"article","og_title":"EPI Ecoguiada en Gij\u00f3n - Gonzalo Concejo","og_description":"Tratamiento con EPI ecoguiada en Gij\u00f3n para lesiones persistentes. Precisi\u00f3n con ecograf\u00eda y enfoque basado en evidencia. Reserva tu cita.","og_url":"https:\/\/cranky-zhukovsky.91-134-70-247.plesk.page\/index.php\/servicios\/tecnica-epi-ecoguiada-gijon\/","og_site_name":"Gonzalo Concejo","article_modified_time":"2026-04-08T13:53:42+00:00","og_image":[{"width":500,"height":354,"url":"https:\/\/cranky-zhukovsky.91-134-70-247.plesk.page\/wp-content\/uploads\/2026\/04\/EPI-Ecoguiada.webp","type":"image\/webp"}],"twitter_card":"summary_large_image","twitter_misc":{"Tiempo de lectura":"2 minutos"},"schema":{"@context":"https:\/\/schema.org","@graph":[{"@type":"WebPage","@id":"https:\/\/cranky-zhukovsky.91-134-70-247.plesk.page\/index.php\/servicios\/tecnica-epi-ecoguiada-gijon\/","url":"https:\/\/cranky-zhukovsky.91-134-70-247.plesk.page\/index.php\/servicios\/tecnica-epi-ecoguiada-gijon\/","name":"EPI Ecoguiada en Gij\u00f3n - Gonzalo Concejo","isPartOf":{"@id":"https:\/\/cranky-zhukovsky.91-134-70-247.plesk.page\/#website"},"primaryImageOfPage":{"@id":"https:\/\/cranky-zhukovsky.91-134-70-247.plesk.page\/index.php\/servicios\/tecnica-epi-ecoguiada-gijon\/#primaryimage"},"image":{"@id":"https:\/\/cranky-zhukovsky.91-134-70-247.plesk.page\/index.php\/servicios\/tecnica-epi-ecoguiada-gijon\/#primaryimage"},"thumbnailUrl":"https:\/\/cranky-zhukovsky.91-134-70-247.plesk.page\/wp-content\/uploads\/2026\/04\/EPI-Ecoguiada.webp","datePublished":"2025-09-03T08:25:33+00:00","dateModified":"2026-04-08T13:53:42+00:00","description":"Tratamiento con EPI ecoguiada en Gij\u00f3n para lesiones persistentes. Precisi\u00f3n con ecograf\u00eda y enfoque basado en evidencia. Reserva tu cita.","breadcrumb":{"@id":"https:\/\/cranky-zhukovsky.91-134-70-247.plesk.page\/index.php\/servicios\/tecnica-epi-ecoguiada-gijon\/#breadcrumb"},"inLanguage":"es","potentialAction":[{"@type":"ReadAction","target":["https:\/\/cranky-zhukovsky.91-134-70-247.plesk.page\/index.php\/servicios\/tecnica-epi-ecoguiada-gijon\/"]}]},{"@type":"ImageObject","inLanguage":"es","@id":"https:\/\/cranky-zhukovsky.91-134-70-247.plesk.page\/index.php\/servicios\/tecnica-epi-ecoguiada-gijon\/#primaryimage","url":"https:\/\/cranky-zhukovsky.91-134-70-247.plesk.page\/wp-content\/uploads\/2026\/04\/EPI-Ecoguiada.webp","contentUrl":"https:\/\/cranky-zhukovsky.91-134-70-247.plesk.page\/wp-content\/uploads\/2026\/04\/EPI-Ecoguiada.webp","width":500,"height":354,"caption":"EPI Ecoguiada"},{"@type":"BreadcrumbList","@id":"https:\/\/cranky-zhukovsky.91-134-70-247.plesk.page\/index.php\/servicios\/tecnica-epi-ecoguiada-gijon\/#breadcrumb","itemListElement":[{"@type":"ListItem","position":1,"name":"Portada","item":"https:\/\/cranky-zhukovsky.91-134-70-247.plesk.page\/"},{"@type":"ListItem","position":2,"name":"Servicios","item":"https:\/\/cranky-zhukovsky.91-134-70-247.plesk.page\/index.php\/servicios\/"},{"@type":"ListItem","position":3,"name":"T\u00e9cnica EPI Ecoguiada"}]},{"@type":"WebSite","@id":"https:\/\/cranky-zhukovsky.91-134-70-247.plesk.page\/#website","url":"https:\/\/cranky-zhukovsky.91-134-70-247.plesk.page\/","name":"Gonzalo Concejo","description":"Cl\u00ednica de Fisioterapia","publisher":{"@id":"https:\/\/cranky-zhukovsky.91-134-70-247.plesk.page\/#organization"},"potentialAction":[{"@type":"SearchAction","target":{"@type":"EntryPoint","urlTemplate":"https:\/\/cranky-zhukovsky.91-134-70-247.plesk.page\/?s={search_term_string}"},"query-input":{"@type":"PropertyValueSpecification","valueRequired":true,"valueName":"search_term_string"}}],"inLanguage":"es"},{"@type":"Organization","@id":"https:\/\/cranky-zhukovsky.91-134-70-247.plesk.page\/#organization","name":"Gonzalo Concejo","url":"https:\/\/cranky-zhukovsky.91-134-70-247.plesk.page\/","logo":{"@type":"ImageObject","inLanguage":"es","@id":"https:\/\/cranky-zhukovsky.91-134-70-247.plesk.page\/#\/schema\/logo\/image\/","url":"https:\/\/cranky-zhukovsky.91-134-70-247.plesk.page\/wp-content\/uploads\/2026\/03\/cropped-logo-gonzalo-concejo.png","contentUrl":"https:\/\/cranky-zhukovsky.91-134-70-247.plesk.page\/wp-content\/uploads\/2026\/03\/cropped-logo-gonzalo-concejo.png","width":346,"height":81,"caption":"Gonzalo Concejo"},"image":{"@id":"https:\/\/cranky-zhukovsky.91-134-70-247.plesk.page\/#\/schema\/logo\/image\/"}}]}},"_links":{"self":[{"href":"https:\/\/cranky-zhukovsky.91-134-70-247.plesk.page\/index.php\/wp-json\/wp\/v2\/pages\/37","targetHints":{"allow":["GET"]}}],"collection":[{"href":"https:\/\/cranky-zhukovsky.91-134-70-247.plesk.page\/index.php\/wp-json\/wp\/v2\/pages"}],"about":[{"href":"https:\/\/cranky-zhukovsky.91-134-70-247.plesk.page\/index.php\/wp-json\/wp\/v2\/types\/page"}],"author":[{"embeddable":true,"href":"https:\/\/cranky-zhukovsky.91-134-70-247.plesk.page\/index.php\/wp-json\/wp\/v2\/users\/1"}],"replies":[{"embeddable":true,"href":"https:\/\/cranky-zhukovsky.91-134-70-247.plesk.page\/index.php\/wp-json\/wp\/v2\/comments?post=37"}],"version-history":[{"count":18,"href":"https:\/\/cranky-zhukovsky.91-134-70-247.plesk.page\/index.php\/wp-json\/wp\/v2\/pages\/37\/revisions"}],"predecessor-version":[{"id":988256,"href":"https:\/\/cranky-zhukovsky.91-134-70-247.plesk.page\/index.php\/wp-json\/wp\/v2\/pages\/37\/revisions\/988256"}],"up":[{"embeddable":true,"href":"https:\/\/cranky-zhukovsky.91-134-70-247.plesk.page\/index.php\/wp-json\/wp\/v2\/pages\/29"}],"wp:featuredmedia":[{"embeddable":true,"href":"https:\/\/cranky-zhukovsky.91-134-70-247.plesk.page\/index.php\/wp-json\/wp\/v2\/media\/988154"}],"wp:attachment":[{"href":"https:\/\/cranky-zhukovsky.91-134-70-247.plesk.page\/index.php\/wp-json\/wp\/v2\/media?parent=37"}],"curies":[{"name":"wp","href":"https:\/\/api.w.org\/{rel}","templated":true}]}}